{"id":15,"date":"2014-07-09T15:49:00","date_gmt":"2014-07-09T13:49:00","guid":{"rendered":"http:\/\/192.168.1.104\/restaurant\/?page_id=9"},"modified":"2025-04-13T10:23:04","modified_gmt":"2025-04-13T08:23:04","slug":"startseite","status":"publish","type":"page","link":"https:\/\/lo-stivale-daun.de\/restaurant\/","title":{"rendered":"Ristorante"},"content":{"rendered":"\n<style type=\"text\/css\" data-created_by=\"avia_inline_auto\" id=\"style-css-av-1ko4v-846531efdaca38ba68dd729a5bb03c59\">\n.avia-section.av-1ko4v-846531efdaca38ba68dd729a5bb03c59{\nbackground-repeat:no-repeat;\nbackground-image:url(https:\/\/lo-stivale-daun.de\/restaurant\/wp-content\/uploads\/sites\/2\/2022\/09\/LoStivale-027-by-D.Haas-2048px-240dpi-1500x1001.jpg);\nbackground-position:50% 100%;\nbackground-attachment:scroll;\n}\n<\/style>\n<div id='ristorante'  class='avia-section av-1ko4v-846531efdaca38ba68dd729a5bb03c59 main_color avia-section-default avia-no-border-styling  avia-builder-el-0  el_before_av_section  avia-builder-el-first  av-small-hide av-mini-hide avia-full-stretch avia-bg-style-scroll av-minimum-height av-minimum-height-custom  container_wrap sidebar_right'  data-section-bg-repeat='stretch'><div class='container av-section-cont-open' style='height:630px'><main  role=\"main\" itemprop=\"mainContentOfPage\"  class='template-page content  av-content-small alpha units'><div class='post-entry post-entry-type-page post-entry-15'><div class='entry-content-wrapper clearfix'>\n\n<style type=\"text\/css\" data-created_by=\"avia_inline_auto\" id=\"style-css-av-q6df-62c5a0c33c358747c0229ecd50f16e5b\">\n#top .av-special-heading.av-q6df-62c5a0c33c358747c0229ecd50f16e5b{\npadding-bottom:0px;\ncolor:#feeebd;\nfont-size:60px;\n}\nbody .av-special-heading.av-q6df-62c5a0c33c358747c0229ecd50f16e5b .av-special-heading-tag .heading-char{\nfont-size:25px;\n}\n#top #wrap_all .av-special-heading.av-q6df-62c5a0c33c358747c0229ecd50f16e5b .av-special-heading-tag{\nfont-size:60px;\n}\n.av-special-heading.av-q6df-62c5a0c33c358747c0229ecd50f16e5b .special-heading-inner-border{\nborder-color:#feeebd;\n}\n.av-special-heading.av-q6df-62c5a0c33c358747c0229ecd50f16e5b .av-subheading{\nfont-size:18px;\n}\n<\/style>\n<div  class='av-special-heading av-q6df-62c5a0c33c358747c0229ecd50f16e5b av-special-heading-h1 custom-color-heading blockquote modern-quote  avia-builder-el-1  avia-builder-el-no-sibling  av-inherit-size'><h1 class='av-special-heading-tag'  itemprop=\"headline\"  >Ristorante<\/h1><div class=\"special-heading-border\"><div class=\"special-heading-inner-border\"><\/div><\/div><\/div>\n\n<\/div><\/div><\/main><!-- close content main element --><\/div><\/div>\n<style type=\"text\/css\" data-created_by=\"avia_inline_auto\" id=\"style-css-av-lbmoqhs9-814ac33c647c08d086e921649ac296e0\">\n.avia-section.av-lbmoqhs9-814ac33c647c08d086e921649ac296e0{\nbackground-repeat:no-repeat;\nbackground-image:url(https:\/\/lo-stivale-daun.de\/restaurant\/wp-content\/uploads\/sites\/2\/2022\/09\/LoStivale-027-by-D.Haas-2048px-240dpi-1500x1001.jpg);\nbackground-position:50% 100%;\nbackground-attachment:fixed;\n}\n<\/style>\n<div id='ristorante'  class='avia-section av-lbmoqhs9-814ac33c647c08d086e921649ac296e0 main_color avia-section-default avia-no-border-styling  avia-builder-el-2  el_after_av_section  el_before_av_section  av-desktop-hide av-medium-hide avia-full-stretch avia-bg-style-fixed av-minimum-height av-minimum-height-custom  container_wrap sidebar_right'  data-section-bg-repeat='stretch'><div class='container av-section-cont-open' style='height:300px'><div class='template-page content  av-content-small alpha units'><div class='post-entry post-entry-type-page post-entry-15'><div class='entry-content-wrapper clearfix'>\n\n<style type=\"text\/css\" data-created_by=\"avia_inline_auto\" id=\"style-css-av-16427-a81bd98f94d0dc70bc4619008de4654c\">\n#top .av-special-heading.av-16427-a81bd98f94d0dc70bc4619008de4654c{\npadding-bottom:0px;\ncolor:#feeebd;\nfont-size:60px;\n}\nbody .av-special-heading.av-16427-a81bd98f94d0dc70bc4619008de4654c .av-special-heading-tag .heading-char{\nfont-size:25px;\n}\n#top #wrap_all .av-special-heading.av-16427-a81bd98f94d0dc70bc4619008de4654c .av-special-heading-tag{\nfont-size:60px;\n}\n.av-special-heading.av-16427-a81bd98f94d0dc70bc4619008de4654c .special-heading-inner-border{\nborder-color:#feeebd;\n}\n.av-special-heading.av-16427-a81bd98f94d0dc70bc4619008de4654c .av-subheading{\nfont-size:18px;\n}\n<\/style>\n<div  class='av-special-heading av-16427-a81bd98f94d0dc70bc4619008de4654c av-special-heading-h1 custom-color-heading blockquote modern-quote  avia-builder-el-3  avia-builder-el-no-sibling  av-inherit-size'><h1 class='av-special-heading-tag'  itemprop=\"headline\"  >Ristorante<\/h1><div class=\"special-heading-border\"><div class=\"special-heading-inner-border\"><\/div><\/div><\/div>\n\n<\/div><\/div><\/div><!-- close content main div --><\/div><\/div><div id='av_section_3'  class='avia-section av-11v4n-66e4792120ae95a2e507fa0ce4b961d4 main_color avia-section-default avia-no-border-styling  avia-builder-el-4  el_after_av_section  el_before_av_section  avia-bg-style-scroll container_wrap sidebar_right'  ><div class='container av-section-cont-open' ><div class='template-page content  av-content-small alpha units'><div class='post-entry post-entry-type-page post-entry-15'><div class='entry-content-wrapper clearfix'>\n<section  class='av_textblock_section av-l1nld394-139d566ad5756c5fd099d03b36b0b339'  itemscope=\"itemscope\" itemtype=\"https:\/\/schema.org\/CreativeWork\" ><div class='avia_textblock'  itemprop=\"text\" ><div id=\"center_c\" class=\"col-md-8 \">\n<div id=\"content\">\n<h2><\/h2>\n<p><span data-contrast=\"auto\">Gutes Essen ist unsere Leidenschaft, Qualit\u00e4t ist uns eine Herzensangelegenheit. Unsere Speisen werden stets frisch f\u00fcr Sie zubereitet, die Basis bilden Produkte aus der Region und saisonale Angebote.<\/span><span data-ccp-props=\"{\">\u00a0<\/span><\/p>\n<p><span data-contrast=\"auto\">Traditionelle Gerichte der italienischen K\u00fcche erg\u00e4nzen wir mit hausgemachten Spezialit\u00e4ten der kalabrischen K\u00fcche.<\/span><span data-ccp-props=\"{\">\u00a0<\/span><\/p>\n<p><span data-contrast=\"auto\">Vollenden Sie den Genuss und lassen Sie sich bei der Auswahl Ihres Weins von unserem Personal beraten.<\/span><span data-ccp-props=\"{\">\u00a0<\/span><\/p>\n<\/div>\n<\/div>\n<div id=\"Text1\" class=\"col-md-4 \">\n<div id=\"block_178\" class=\"block\"><\/div>\n<\/div>\n<\/div><\/section>\n\n<\/div><\/div><\/div><!-- close content main div --><\/div><\/div><div id='av_section_4'  class='avia-section av-dtn-7884503cc41339ef325678248576434f main_color avia-section-default avia-no-border-styling  avia-builder-el-6  el_after_av_section  el_before_av_section  avia-bg-style-scroll container_wrap sidebar_right'  ><div class='container av-section-cont-open' ><div class='template-page content  av-content-small alpha units'><div class='post-entry post-entry-type-page post-entry-15'><div class='entry-content-wrapper clearfix'>\n\n<style type=\"text\/css\" data-created_by=\"avia_inline_auto\" id=\"style-css-av-144vtv-8838cf91ce0d09923b23c58ad8f3061b\">\n#top .av-special-heading.av-144vtv-8838cf91ce0d09923b23c58ad8f3061b{\npadding-bottom:0px;\ncolor:#0a0a0a;\nfont-size:60px;\n}\nbody .av-special-heading.av-144vtv-8838cf91ce0d09923b23c58ad8f3061b .av-special-heading-tag .heading-char{\nfont-size:25px;\n}\n#top #wrap_all .av-special-heading.av-144vtv-8838cf91ce0d09923b23c58ad8f3061b .av-special-heading-tag{\nfont-size:60px;\n}\n.av-special-heading.av-144vtv-8838cf91ce0d09923b23c58ad8f3061b .special-heading-inner-border{\nborder-color:#0a0a0a;\n}\n.av-special-heading.av-144vtv-8838cf91ce0d09923b23c58ad8f3061b .av-subheading{\nfont-size:18px;\n}\n<\/style>\n<div  id=\"menu_ristorante\"  class='av-special-heading av-144vtv-8838cf91ce0d09923b23c58ad8f3061b av-special-heading-h1 custom-color-heading blockquote modern-quote  avia-builder-el-7  avia-builder-el-no-sibling  av-inherit-size'><h1 class='av-special-heading-tag'  itemprop=\"headline\"  >Unsere Speisen <span class='special_amp'>&amp;<\/span> Getr\u00e4nke<\/h1><div class=\"special-heading-border\"><div class=\"special-heading-inner-border\"><\/div><\/div><\/div>\n\n<\/div><\/div><\/div><!-- close content main div --><\/div><\/div><div id='av_section_5'  class='avia-section av-1og9m3-04f3f988841e9da20ddb93784cea87b3 main_color avia-section-default avia-no-border-styling  avia-builder-el-8  el_after_av_section  avia-builder-el-last  avia-bg-style-scroll container_wrap sidebar_right'  ><div class='container av-section-cont-open' ><div class='template-page content  av-content-small alpha units'><div class='post-entry post-entry-type-page post-entry-15'><div class='entry-content-wrapper clearfix'>\n\n<style type=\"text\/css\" data-created_by=\"avia_inline_auto\" id=\"style-css-av-l8v9ypov-9e7c16ffc2b7cf3abc9274c5505cf653\">\n.avia-image-container.av-l8v9ypov-9e7c16ffc2b7cf3abc9274c5505cf653 .av-caption-image-overlay-bg{\nopacity:0.4;\nbackground-color:#000000;\n}\n.avia-image-container.av-l8v9ypov-9e7c16ffc2b7cf3abc9274c5505cf653 .av-image-caption-overlay-center{\ncolor:#ffffff;\n}\n<\/style>\n<div  class='avia-image-container av-l8v9ypov-9e7c16ffc2b7cf3abc9274c5505cf653 av-styling- avia-align-center  avia-builder-el-9  el_before_av_image  avia-builder-el-first  noHover av-overlay-hover-deactivate'  itemprop=\"image\" itemscope=\"itemscope\" itemtype=\"https:\/\/schema.org\/ImageObject\" ><div class=\"avia-image-container-inner\"><div class=\"avia-image-overlay-wrap\"><a href=\"https:\/\/lo-stivale-daun.de\/restaurant\/wp-content\/uploads\/sites\/2\/2025\/04\/Speisekarte_April_2025.pdf\" class='avia_image'  target=\"_blank\"  rel=\"noopener noreferrer\"><div class=\"av-image-caption-overlay\"><div class=\"av-caption-image-overlay-bg\"><\/div><div class=\"av-image-caption-overlay-position\"><div class=\"av-image-caption-overlay-center\"><p>Unsere Speisekarte zum Download<\/p>\n<\/div><\/div><\/div><img decoding=\"async\" class='wp-image-595 avia-img-lazy-loading-not-595 avia_image' src=\"https:\/\/lo-stivale-daun.de\/restaurant\/wp-content\/uploads\/sites\/2\/2024\/06\/Speisekarte-228x300.jpg\" alt='' title='Speisekarte'  height=\"300\" width=\"228\"  itemprop=\"thumbnailUrl\" srcset=\"https:\/\/lo-stivale-daun.de\/restaurant\/wp-content\/uploads\/sites\/2\/2024\/06\/Speisekarte-228x300.jpg 228w, https:\/\/lo-stivale-daun.de\/restaurant\/wp-content\/uploads\/sites\/2\/2024\/06\/Speisekarte-537x705.jpg 537w, https:\/\/lo-stivale-daun.de\/restaurant\/wp-content\/uploads\/sites\/2\/2024\/06\/Speisekarte.jpg 696w\" sizes=\"(max-width: 228px) 100vw, 228px\" \/><\/a><\/div><\/div><\/div>\n\n<style type=\"text\/css\" data-created_by=\"avia_inline_auto\" id=\"style-css-av-lbjl92qw-c6fa9defeeb7b55bbd70adac73ddab18\">\n.avia-image-container.av-lbjl92qw-c6fa9defeeb7b55bbd70adac73ddab18 .av-caption-image-overlay-bg{\nopacity:0.4;\nbackground-color:#000000;\n}\n.avia-image-container.av-lbjl92qw-c6fa9defeeb7b55bbd70adac73ddab18 .av-image-caption-overlay-center{\ncolor:#ffffff;\n}\n<\/style>\n<div  class='avia-image-container av-lbjl92qw-c6fa9defeeb7b55bbd70adac73ddab18 av-styling- avia-align-center  avia-builder-el-10  el_after_av_image  avia-builder-el-last  noHover av-overlay-hover-deactivate'  itemprop=\"image\" itemscope=\"itemscope\" itemtype=\"https:\/\/schema.org\/ImageObject\" ><div class=\"avia-image-container-inner\"><div class=\"avia-image-overlay-wrap\"><a href=\"https:\/\/lo-stivale-daun.de\/restaurant\/wp-content\/uploads\/sites\/2\/2023\/11\/Kinderkarte_November2023.pdf\" class='avia_image'  target=\"_blank\"  rel=\"noopener noreferrer\"><div class=\"av-image-caption-overlay\"><div class=\"av-caption-image-overlay-bg\"><\/div><div class=\"av-image-caption-overlay-position\"><div class=\"av-image-caption-overlay-center\"><p>Unsere Kinderkarte zum Download<\/p>\n<\/div><\/div><\/div><img decoding=\"async\" class='wp-image-550 avia-img-lazy-loading-not-550 avia_image' src=\"https:\/\/lo-stivale-daun.de\/restaurant\/wp-content\/uploads\/sites\/2\/2022\/12\/Kinderkarte-231x300.jpg\" alt='' title='Kinderkarte'  height=\"300\" width=\"231\"  itemprop=\"thumbnailUrl\" srcset=\"https:\/\/lo-stivale-daun.de\/restaurant\/wp-content\/uploads\/sites\/2\/2022\/12\/Kinderkarte-231x300.jpg 231w, https:\/\/lo-stivale-daun.de\/restaurant\/wp-content\/uploads\/sites\/2\/2022\/12\/Kinderkarte-794x1030.jpg 794w, https:\/\/lo-stivale-daun.de\/restaurant\/wp-content\/uploads\/sites\/2\/2022\/12\/Kinderkarte-768x996.jpg 768w, https:\/\/lo-stivale-daun.de\/restaurant\/wp-content\/uploads\/sites\/2\/2022\/12\/Kinderkarte-544x705.jpg 544w, https:\/\/lo-stivale-daun.de\/restaurant\/wp-content\/uploads\/sites\/2\/2022\/12\/Kinderkarte.jpg 1147w\" sizes=\"(max-width: 231px) 100vw, 231px\" \/><\/a><\/div><\/div><\/div>\n<\/div><\/div><\/div><!-- close content main div --><\/div><\/div><div id='after_section_5'  class='main_color av_default_container_wrap container_wrap sidebar_right'  ><div class='container av-section-cont-open' ><div class='template-page content  av-content-small alpha units'><div class='post-entry post-entry-type-page post-entry-15'><div class='entry-content-wrapper clearfix'>\n","protected":false},"excerpt":{"rendered":"","protected":false},"author":1,"featured_media":0,"parent":0,"menu_order":0,"comment_status":"open","ping_status":"closed","template":"","meta":{"footnotes":""},"class_list":["post-15","page","type-page","status-publish","hentry"],"yoast_head":"<!-- This site is optimized with the Yoast SEO plugin v27.4 - https:\/\/yoast.com\/product\/yoast-seo-wordpress\/ -->\n<title>Ristorante - Restaurant<\/title>\n<meta name=\"robots\" content=\"index, follow, max-snippet:-1, max-image-preview:large, max-video-preview:-1\" \/>\n<link rel=\"canonical\" href=\"https:\/\/lo-stivale-daun.de\/restaurant\/startseite\/\" \/>\n<meta property=\"og:locale\" content=\"de_DE\" \/>\n<meta property=\"og:type\" content=\"article\" \/>\n<meta property=\"og:title\" content=\"Ristorante - Restaurant\" \/>\n<meta property=\"og:url\" content=\"https:\/\/lo-stivale-daun.de\/restaurant\/startseite\/\" \/>\n<meta property=\"og:site_name\" content=\"Restaurant\" \/>\n<meta property=\"article:modified_time\" content=\"2025-04-13T08:23:04+00:00\" \/>\n<meta name=\"twitter:card\" content=\"summary_large_image\" \/>\n<meta name=\"twitter:label1\" content=\"Gesch\u00e4tzte Lesezeit\" \/>\n\t<meta name=\"twitter:data1\" content=\"3\u00a0Minuten\" \/>\n<script type=\"application\/ld+json\" class=\"yoast-schema-graph\">{\"@context\":\"https:\\\/\\\/schema.org\",\"@graph\":[{\"@type\":\"WebPage\",\"@id\":\"https:\\\/\\\/lo-stivale-daun.de\\\/restaurant\\\/startseite\\\/\",\"url\":\"https:\\\/\\\/lo-stivale-daun.de\\\/restaurant\\\/startseite\\\/\",\"name\":\"Ristorante - Restaurant\",\"isPartOf\":{\"@id\":\"https:\\\/\\\/lo-stivale-daun.de\\\/restaurant\\\/#website\"},\"datePublished\":\"2014-07-09T13:49:00+00:00\",\"dateModified\":\"2025-04-13T08:23:04+00:00\",\"breadcrumb\":{\"@id\":\"https:\\\/\\\/lo-stivale-daun.de\\\/restaurant\\\/startseite\\\/#breadcrumb\"},\"inLanguage\":\"de\",\"potentialAction\":[{\"@type\":\"ReadAction\",\"target\":[\"https:\\\/\\\/lo-stivale-daun.de\\\/restaurant\\\/startseite\\\/\"]}]},{\"@type\":\"BreadcrumbList\",\"@id\":\"https:\\\/\\\/lo-stivale-daun.de\\\/restaurant\\\/startseite\\\/#breadcrumb\",\"itemListElement\":[{\"@type\":\"ListItem\",\"position\":1,\"name\":\"Startseite\",\"item\":\"https:\\\/\\\/lo-stivale-daun.de\\\/restaurant\\\/startseite\\\/\"},{\"@type\":\"ListItem\",\"position\":2,\"name\":\"Ristorante\"}]},{\"@type\":\"WebSite\",\"@id\":\"https:\\\/\\\/lo-stivale-daun.de\\\/restaurant\\\/#website\",\"url\":\"https:\\\/\\\/lo-stivale-daun.de\\\/restaurant\\\/\",\"name\":\"Restaurant\",\"description\":\"Lo Stivale\",\"potentialAction\":[{\"@type\":\"SearchAction\",\"target\":{\"@type\":\"EntryPoint\",\"urlTemplate\":\"https:\\\/\\\/lo-stivale-daun.de\\\/restaurant\\\/?s={search_term_string}\"},\"query-input\":{\"@type\":\"PropertyValueSpecification\",\"valueRequired\":true,\"valueName\":\"search_term_string\"}}],\"inLanguage\":\"de\"}]}<\/script>\n<!-- \/ Yoast SEO plugin. -->","yoast_head_json":{"title":"Ristorante - Restaurant","robots":{"index":"index","follow":"follow","max-snippet":"max-snippet:-1","max-image-preview":"max-image-preview:large","max-video-preview":"max-video-preview:-1"},"canonical":"https:\/\/lo-stivale-daun.de\/restaurant\/startseite\/","og_locale":"de_DE","og_type":"article","og_title":"Ristorante - Restaurant","og_url":"https:\/\/lo-stivale-daun.de\/restaurant\/startseite\/","og_site_name":"Restaurant","article_modified_time":"2025-04-13T08:23:04+00:00","twitter_card":"summary_large_image","twitter_misc":{"Gesch\u00e4tzte Lesezeit":"3\u00a0Minuten"},"schema":{"@context":"https:\/\/schema.org","@graph":[{"@type":"WebPage","@id":"https:\/\/lo-stivale-daun.de\/restaurant\/startseite\/","url":"https:\/\/lo-stivale-daun.de\/restaurant\/startseite\/","name":"Ristorante - Restaurant","isPartOf":{"@id":"https:\/\/lo-stivale-daun.de\/restaurant\/#website"},"datePublished":"2014-07-09T13:49:00+00:00","dateModified":"2025-04-13T08:23:04+00:00","breadcrumb":{"@id":"https:\/\/lo-stivale-daun.de\/restaurant\/startseite\/#breadcrumb"},"inLanguage":"de","potentialAction":[{"@type":"ReadAction","target":["https:\/\/lo-stivale-daun.de\/restaurant\/startseite\/"]}]},{"@type":"BreadcrumbList","@id":"https:\/\/lo-stivale-daun.de\/restaurant\/startseite\/#breadcrumb","itemListElement":[{"@type":"ListItem","position":1,"name":"Startseite","item":"https:\/\/lo-stivale-daun.de\/restaurant\/startseite\/"},{"@type":"ListItem","position":2,"name":"Ristorante"}]},{"@type":"WebSite","@id":"https:\/\/lo-stivale-daun.de\/restaurant\/#website","url":"https:\/\/lo-stivale-daun.de\/restaurant\/","name":"Restaurant","description":"Lo Stivale","potentialAction":[{"@type":"SearchAction","target":{"@type":"EntryPoint","urlTemplate":"https:\/\/lo-stivale-daun.de\/restaurant\/?s={search_term_string}"},"query-input":{"@type":"PropertyValueSpecification","valueRequired":true,"valueName":"search_term_string"}}],"inLanguage":"de"}]}},"_links":{"self":[{"href":"https:\/\/lo-stivale-daun.de\/restaurant\/wp-json\/wp\/v2\/pages\/15","targetHints":{"allow":["GET"]}}],"collection":[{"href":"https:\/\/lo-stivale-daun.de\/restaurant\/wp-json\/wp\/v2\/pages"}],"about":[{"href":"https:\/\/lo-stivale-daun.de\/restaurant\/wp-json\/wp\/v2\/types\/page"}],"author":[{"embeddable":true,"href":"https:\/\/lo-stivale-daun.de\/restaurant\/wp-json\/wp\/v2\/users\/1"}],"replies":[{"embeddable":true,"href":"https:\/\/lo-stivale-daun.de\/restaurant\/wp-json\/wp\/v2\/comments?post=15"}],"version-history":[{"count":77,"href":"https:\/\/lo-stivale-daun.de\/restaurant\/wp-json\/wp\/v2\/pages\/15\/revisions"}],"predecessor-version":[{"id":598,"href":"https:\/\/lo-stivale-daun.de\/restaurant\/wp-json\/wp\/v2\/pages\/15\/revisions\/598"}],"wp:attachment":[{"href":"https:\/\/lo-stivale-daun.de\/restaurant\/wp-json\/wp\/v2\/media?parent=15"}],"curies":[{"name":"wp","href":"https:\/\/api.w.org\/{rel}","templated":true}]}}