{"id":15,"date":"2014-07-09T15:49:00","date_gmt":"2014-07-09T13:49:00","guid":{"rendered":"http:\/\/192.168.1.104\/restaurant\/?page_id=9"},"modified":"2022-12-13T21:36:14","modified_gmt":"2022-12-13T20:36:14","slug":"eis-cafe","status":"publish","type":"page","link":"https:\/\/lo-stivale-daun.de\/eiscafe\/","title":{"rendered":"Eiscaf\u00e9"},"content":{"rendered":"\n<style type=\"text\/css\" data-created_by=\"avia_inline_auto\" id=\"style-css-av-kjk0b-245e1198aaeff93c3cfb9ca03a369228\">\n.avia-section.av-kjk0b-245e1198aaeff93c3cfb9ca03a369228{\nbackground-repeat:no-repeat;\nbackground-image:url(https:\/\/lo-stivale-daun.de\/eiscafe\/wp-content\/uploads\/sites\/3\/2022\/12\/221204-Lo-Stivale-007-by-D.Haas-1310x630-1.jpg);\nbackground-position:0% 50%;\nbackground-attachment:scroll;\n}\n<\/style>\n<div id='eiscafe'  class='avia-section av-kjk0b-245e1198aaeff93c3cfb9ca03a369228 main_color avia-section-default avia-no-shadow  avia-builder-el-0  el_before_av_section  avia-builder-el-first  av-small-hide av-mini-hide avia-full-stretch avia-bg-style-scroll av-minimum-height av-minimum-height-custom  container_wrap sidebar_right'  data-section-bg-repeat='stretch'><div class='container av-section-cont-open' style='height:630px'><main  role=\"main\" itemprop=\"mainContentOfPage\"  class='template-page content  av-content-small alpha units'><div class='post-entry post-entry-type-page post-entry-15'><div class='entry-content-wrapper clearfix'>\n\n<style type=\"text\/css\" data-created_by=\"avia_inline_auto\" id=\"style-css-av-jva5z-9546a03bf481c431d7886268975f1302\">\n#top .av-special-heading.av-jva5z-9546a03bf481c431d7886268975f1302{\npadding-bottom:0px;\ncolor:#feeebd;\nfont-size:60px;\n}\nbody .av-special-heading.av-jva5z-9546a03bf481c431d7886268975f1302 .av-special-heading-tag .heading-char{\nfont-size:25px;\n}\n#top #wrap_all .av-special-heading.av-jva5z-9546a03bf481c431d7886268975f1302 .av-special-heading-tag{\nfont-size:60px;\n}\n.av-special-heading.av-jva5z-9546a03bf481c431d7886268975f1302 .special-heading-inner-border{\nborder-color:#feeebd;\n}\n.av-special-heading.av-jva5z-9546a03bf481c431d7886268975f1302 .av-subheading{\nfont-size:18px;\n}\n<\/style>\n<div  class='av-special-heading av-jva5z-9546a03bf481c431d7886268975f1302 av-special-heading-h1 custom-color-heading blockquote modern-quote  avia-builder-el-1  avia-builder-el-no-sibling  av-inherit-size'><h1 class='av-special-heading-tag'  itemprop=\"headline\"  >Eiscaf\u00e9<\/h1><div class=\"special-heading-border\"><div class=\"special-heading-inner-border\"><\/div><\/div><\/div>\n<\/div><\/div><\/main><!-- close content main element --><\/div><\/div>\n<style type=\"text\/css\" data-created_by=\"avia_inline_auto\" id=\"style-css-av-lbmnxhog-fcb8712ef92ff70128600a8d531bc844\">\n.avia-section.av-lbmnxhog-fcb8712ef92ff70128600a8d531bc844{\nbackground-repeat:no-repeat;\nbackground-image:url(https:\/\/lo-stivale-daun.de\/eiscafe\/wp-content\/uploads\/sites\/3\/2022\/12\/221204-Lo-Stivale-007-by-D.Haas-945x630-1.jpg);\nbackground-position:0% 50%;\nbackground-attachment:fixed;\n}\n<\/style>\n<div id='eiscafe'  class='avia-section av-lbmnxhog-fcb8712ef92ff70128600a8d531bc844 main_color avia-section-default avia-no-shadow  avia-builder-el-2  el_after_av_section  el_before_av_section  av-desktop-hide av-medium-hide avia-full-stretch avia-bg-style-fixed av-minimum-height av-minimum-height-custom  container_wrap sidebar_right'  data-section-bg-repeat='stretch'><div class='container av-section-cont-open' style='height:300px'><div class='template-page content  av-content-small alpha units'><div class='post-entry post-entry-type-page post-entry-15'><div class='entry-content-wrapper clearfix'>\n\n<style type=\"text\/css\" data-created_by=\"avia_inline_auto\" id=\"style-css-av-lbmnws9y-d7c39dda671d773228d3b08ee15276c3\">\n#top .av-special-heading.av-lbmnws9y-d7c39dda671d773228d3b08ee15276c3{\npadding-bottom:0px;\ncolor:#feeebd;\nfont-size:60px;\n}\nbody .av-special-heading.av-lbmnws9y-d7c39dda671d773228d3b08ee15276c3 .av-special-heading-tag .heading-char{\nfont-size:25px;\n}\n#top #wrap_all .av-special-heading.av-lbmnws9y-d7c39dda671d773228d3b08ee15276c3 .av-special-heading-tag{\nfont-size:60px;\n}\n.av-special-heading.av-lbmnws9y-d7c39dda671d773228d3b08ee15276c3 .special-heading-inner-border{\nborder-color:#feeebd;\n}\n.av-special-heading.av-lbmnws9y-d7c39dda671d773228d3b08ee15276c3 .av-subheading{\nfont-size:18px;\n}\n<\/style>\n<div  class='av-special-heading av-lbmnws9y-d7c39dda671d773228d3b08ee15276c3 av-special-heading-h1 custom-color-heading blockquote modern-quote  avia-builder-el-3  avia-builder-el-no-sibling  av-inherit-size'><h1 class='av-special-heading-tag'  itemprop=\"headline\"  >Eiscaf\u00e9<\/h1><div class=\"special-heading-border\"><div class=\"special-heading-inner-border\"><\/div><\/div><\/div>\n<\/div><\/div><\/div><!-- close content main div --><\/div><\/div><div id='av_section_3'  class='avia-section av-15nvx7-6c9eff29b6a5e8dd984231bee5a0ce0c main_color avia-section-default avia-no-border-styling  avia-builder-el-4  el_after_av_section  el_before_av_section  avia-bg-style-scroll container_wrap sidebar_right'  ><div class='container av-section-cont-open' ><div class='template-page content  av-content-small alpha units'><div class='post-entry post-entry-type-page post-entry-15'><div class='entry-content-wrapper clearfix'>\n<section  class='av_textblock_section av-l1nlmhap-df00b09fdf827885e94911bef19a721e'  itemscope=\"itemscope\" itemtype=\"https:\/\/schema.org\/CreativeWork\" ><div class='avia_textblock'  itemprop=\"text\" ><div id=\"center_c\" class=\"col-md-8 \">\n<div id=\"content\">\n<h2><span data-contrast=\"auto\">Konventionell \u2013 vegetarisch &#8211; vegan<\/span><span data-ccp-props=\"{\"201341983\":0,\"335559740\":259}\">\u00a0<\/span><\/h2>\n<p><span data-contrast=\"auto\">\u00dcberlieferte Familienrezepte und beste Zutaten sind die Basis f\u00fcr das Lo <\/span><span data-contrast=\"auto\">Stivale Eis, das t\u00e4glich frisch in unserem Eislabor hergestellt wird.<\/span><br \/>\n<span data-contrast=\"auto\">Wie bei unseren Speisen, achten wir auch beim Eis auf unverf\u00e4lschte Zutaten, Saisonalit\u00e4t und marktfrische Produkte. Die Sorgfalt bei der Auwahl der Zutaten und in der Herstellung machen unsere Eis auch f\u00fcr Veganer und Allergiker attraktiv.<\/span><span data-ccp-props=\"{\"201341983\":0,\"335559740\":259}\">\u00a0<\/span><\/p>\n<p>Es gilt die Corana-Schutzverordnung des Landes Rheinland-Pfalz.<\/p>\n<\/div>\n<\/div>\n<div id=\"Text1\" class=\"col-md-4 \">\n<div id=\"block_178\" class=\"block\"><\/div>\n<\/div>\n<\/div><\/section>\n<\/p>\n<\/div><\/div><\/div><!-- close content main div --><\/div><\/div><div id='menu_eiscafe'  class='avia-section av-43n7n-daace943700d457524915fbc152d8015 main_color avia-section-default avia-no-shadow  avia-builder-el-6  el_after_av_section  el_before_av_section  avia-bg-style-parallax av-minimum-height av-minimum-height-50  container_wrap sidebar_right'   data-av_minimum_height_pc='50'><div class='container av-section-cont-open' ><div class='template-page content  av-content-small alpha units'><div class='post-entry post-entry-type-page post-entry-15'><div class='entry-content-wrapper clearfix'>\n\n<style type=\"text\/css\" data-created_by=\"avia_inline_auto\" id=\"style-css-av-4077r-c1ac9bfe0e423f8f458e9a6e2ffe6406\">\n#top .av-special-heading.av-4077r-c1ac9bfe0e423f8f458e9a6e2ffe6406{\npadding-bottom:0px;\ncolor:#000000;\nfont-size:60px;\n}\nbody .av-special-heading.av-4077r-c1ac9bfe0e423f8f458e9a6e2ffe6406 .av-special-heading-tag .heading-char{\nfont-size:25px;\n}\n#top #wrap_all .av-special-heading.av-4077r-c1ac9bfe0e423f8f458e9a6e2ffe6406 .av-special-heading-tag{\nfont-size:60px;\n}\n.av-special-heading.av-4077r-c1ac9bfe0e423f8f458e9a6e2ffe6406 .special-heading-inner-border{\nborder-color:#000000;\n}\n.av-special-heading.av-4077r-c1ac9bfe0e423f8f458e9a6e2ffe6406 .av-subheading{\nfont-size:18px;\n}\n<\/style>\n<div  class='av-special-heading av-4077r-c1ac9bfe0e423f8f458e9a6e2ffe6406 av-special-heading-h1 custom-color-heading blockquote modern-quote  avia-builder-el-7  avia-builder-el-no-sibling  av-inherit-size'><h1 class='av-special-heading-tag'  itemprop=\"headline\"  >Unsere Speisen <span class='special_amp'>&amp;<\/span> Getr\u00e4nke<\/h1><div class=\"special-heading-border\"><div class=\"special-heading-inner-border\"><\/div><\/div><\/div>\n\n<\/div><\/div><\/div><!-- close content main div --><\/div><\/div><div id='av_section_5'  class='avia-section av-13tdpj-a6dacada431e89ed90119344bf443ae5 main_color avia-section-default avia-no-shadow  avia-builder-el-8  el_after_av_section  avia-builder-el-last  avia-bg-style-scroll container_wrap sidebar_right'  ><div class='container av-section-cont-open' ><div class='template-page content  av-content-small alpha units'><div class='post-entry post-entry-type-page post-entry-15'><div class='entry-content-wrapper clearfix'>\n\n<style type=\"text\/css\" data-created_by=\"avia_inline_auto\" id=\"style-css-av-lbf7iyrz-22d73314d738ff9870d9b928d167b2de\">\n.avia-image-container.av-lbf7iyrz-22d73314d738ff9870d9b928d167b2de .av-caption-image-overlay-bg{\nopacity:0.4;\nbackground-color:#000000;\n}\n.avia-image-container.av-lbf7iyrz-22d73314d738ff9870d9b928d167b2de .av-image-caption-overlay-center{\ncolor:#ffffff;\n}\n<\/style>\n<div  class='avia-image-container av-lbf7iyrz-22d73314d738ff9870d9b928d167b2de av-styling- avia-align-center  avia-builder-el-9  avia-builder-el-no-sibling  noHover av-overlay-hover-deactivate'  itemprop=\"image\" itemscope=\"itemscope\" itemtype=\"https:\/\/schema.org\/ImageObject\" ><div class=\"avia-image-container-inner\"><div class=\"avia-image-overlay-wrap\"><a href=\"https:\/\/lo-stivale-daun.de\/eiscafe\/wp-content\/uploads\/sites\/3\/2022\/12\/Eiskarte_Sommer.pdf\" class='avia_image'  target=\"_blank\"  rel=\"noopener noreferrer\"><div class=\"av-image-caption-overlay\"><div class=\"av-caption-image-overlay-bg\"><\/div><div class=\"av-image-caption-overlay-position\"><div class=\"av-image-caption-overlay-center\"><p>Unsere Eiskarte zum Download<\/p>\n<\/div><\/div><\/div><img decoding=\"async\" class='wp-image-457 avia-img-lazy-loading-not-457 avia_image' src=\"https:\/\/lo-stivale-daun.de\/eiscafe\/wp-content\/uploads\/sites\/3\/2022\/12\/Screenshot-2022-12-08-155947-300x211.jpg\" alt='' title='Screenshot 2022-12-08 155947'  height=\"211\" width=\"300\"  itemprop=\"thumbnailUrl\" srcset=\"https:\/\/lo-stivale-daun.de\/eiscafe\/wp-content\/uploads\/sites\/3\/2022\/12\/Screenshot-2022-12-08-155947-300x211.jpg 300w, https:\/\/lo-stivale-daun.de\/eiscafe\/wp-content\/uploads\/sites\/3\/2022\/12\/Screenshot-2022-12-08-155947-1030x725.jpg 1030w, https:\/\/lo-stivale-daun.de\/eiscafe\/wp-content\/uploads\/sites\/3\/2022\/12\/Screenshot-2022-12-08-155947-768x540.jpg 768w, https:\/\/lo-stivale-daun.de\/eiscafe\/wp-content\/uploads\/sites\/3\/2022\/12\/Screenshot-2022-12-08-155947-705x496.jpg 705w, https:\/\/lo-stivale-daun.de\/eiscafe\/wp-content\/uploads\/sites\/3\/2022\/12\/Screenshot-2022-12-08-155947.jpg 1140w\" sizes=\"(max-width: 300px) 100vw, 300px\" \/><\/a><\/div><\/div><\/div>\n<\/div><\/div><\/div><!-- close content main div --><\/div><\/div><div id='after_section_5'  class='main_color av_default_container_wrap container_wrap sidebar_right'  ><div class='container av-section-cont-open' ><div class='template-page content  av-content-small alpha units'><div class='post-entry post-entry-type-page post-entry-15'><div class='entry-content-wrapper clearfix'>\n","protected":false},"excerpt":{"rendered":"","protected":false},"author":1,"featured_media":0,"parent":0,"menu_order":0,"comment_status":"open","ping_status":"closed","template":"","meta":{"footnotes":""},"class_list":["post-15","page","type-page","status-publish","hentry"],"yoast_head":"<!-- This site is optimized with the Yoast SEO plugin v27.4 - https:\/\/yoast.com\/product\/yoast-seo-wordpress\/ -->\n<title>Eiscaf\u00e9 - EisCafe<\/title>\n<meta name=\"robots\" content=\"index, follow, max-snippet:-1, max-image-preview:large, max-video-preview:-1\" \/>\n<link rel=\"canonical\" href=\"https:\/\/lo-stivale-daun.de\/eiscafe\/\" \/>\n<meta property=\"og:locale\" content=\"de_DE\" \/>\n<meta property=\"og:type\" content=\"article\" \/>\n<meta property=\"og:title\" content=\"Eiscaf\u00e9 - EisCafe\" \/>\n<meta property=\"og:url\" content=\"https:\/\/lo-stivale-daun.de\/eiscafe\/\" \/>\n<meta property=\"og:site_name\" content=\"EisCafe\" \/>\n<meta property=\"article:modified_time\" content=\"2022-12-13T20:36:14+00:00\" \/>\n<meta name=\"twitter:card\" content=\"summary_large_image\" \/>\n<meta name=\"twitter:label1\" content=\"Gesch\u00e4tzte Lesezeit\" \/>\n\t<meta name=\"twitter:data1\" content=\"8\u00a0Minuten\" \/>\n<script type=\"application\/ld+json\" class=\"yoast-schema-graph\">{\"@context\":\"https:\\\/\\\/schema.org\",\"@graph\":[{\"@type\":\"WebPage\",\"@id\":\"https:\\\/\\\/lo-stivale-daun.de\\\/eiscafe\\\/\",\"url\":\"https:\\\/\\\/lo-stivale-daun.de\\\/eiscafe\\\/\",\"name\":\"Eiscaf\u00e9 - EisCafe\",\"isPartOf\":{\"@id\":\"https:\\\/\\\/lo-stivale-daun.de\\\/eiscafe\\\/#website\"},\"datePublished\":\"2014-07-09T13:49:00+00:00\",\"dateModified\":\"2022-12-13T20:36:14+00:00\",\"breadcrumb\":{\"@id\":\"https:\\\/\\\/lo-stivale-daun.de\\\/eiscafe\\\/#breadcrumb\"},\"inLanguage\":\"de\",\"potentialAction\":[{\"@type\":\"ReadAction\",\"target\":[\"https:\\\/\\\/lo-stivale-daun.de\\\/eiscafe\\\/\"]}]},{\"@type\":\"BreadcrumbList\",\"@id\":\"https:\\\/\\\/lo-stivale-daun.de\\\/eiscafe\\\/#breadcrumb\",\"itemListElement\":[{\"@type\":\"ListItem\",\"position\":1,\"name\":\"Startseite\",\"item\":\"https:\\\/\\\/lo-stivale-daun.de\\\/eiscafe\\\/\"},{\"@type\":\"ListItem\",\"position\":2,\"name\":\"Eiscaf\u00e9\"}]},{\"@type\":\"WebSite\",\"@id\":\"https:\\\/\\\/lo-stivale-daun.de\\\/eiscafe\\\/#website\",\"url\":\"https:\\\/\\\/lo-stivale-daun.de\\\/eiscafe\\\/\",\"name\":\"EisCafe\",\"description\":\"Lo Stivale\",\"potentialAction\":[{\"@type\":\"SearchAction\",\"target\":{\"@type\":\"EntryPoint\",\"urlTemplate\":\"https:\\\/\\\/lo-stivale-daun.de\\\/eiscafe\\\/?s={search_term_string}\"},\"query-input\":{\"@type\":\"PropertyValueSpecification\",\"valueRequired\":true,\"valueName\":\"search_term_string\"}}],\"inLanguage\":\"de\"}]}<\/script>\n<!-- \/ Yoast SEO plugin. -->","yoast_head_json":{"title":"Eiscaf\u00e9 - EisCafe","robots":{"index":"index","follow":"follow","max-snippet":"max-snippet:-1","max-image-preview":"max-image-preview:large","max-video-preview":"max-video-preview:-1"},"canonical":"https:\/\/lo-stivale-daun.de\/eiscafe\/","og_locale":"de_DE","og_type":"article","og_title":"Eiscaf\u00e9 - EisCafe","og_url":"https:\/\/lo-stivale-daun.de\/eiscafe\/","og_site_name":"EisCafe","article_modified_time":"2022-12-13T20:36:14+00:00","twitter_card":"summary_large_image","twitter_misc":{"Gesch\u00e4tzte Lesezeit":"8\u00a0Minuten"},"schema":{"@context":"https:\/\/schema.org","@graph":[{"@type":"WebPage","@id":"https:\/\/lo-stivale-daun.de\/eiscafe\/","url":"https:\/\/lo-stivale-daun.de\/eiscafe\/","name":"Eiscaf\u00e9 - EisCafe","isPartOf":{"@id":"https:\/\/lo-stivale-daun.de\/eiscafe\/#website"},"datePublished":"2014-07-09T13:49:00+00:00","dateModified":"2022-12-13T20:36:14+00:00","breadcrumb":{"@id":"https:\/\/lo-stivale-daun.de\/eiscafe\/#breadcrumb"},"inLanguage":"de","potentialAction":[{"@type":"ReadAction","target":["https:\/\/lo-stivale-daun.de\/eiscafe\/"]}]},{"@type":"BreadcrumbList","@id":"https:\/\/lo-stivale-daun.de\/eiscafe\/#breadcrumb","itemListElement":[{"@type":"ListItem","position":1,"name":"Startseite","item":"https:\/\/lo-stivale-daun.de\/eiscafe\/"},{"@type":"ListItem","position":2,"name":"Eiscaf\u00e9"}]},{"@type":"WebSite","@id":"https:\/\/lo-stivale-daun.de\/eiscafe\/#website","url":"https:\/\/lo-stivale-daun.de\/eiscafe\/","name":"EisCafe","description":"Lo Stivale","potentialAction":[{"@type":"SearchAction","target":{"@type":"EntryPoint","urlTemplate":"https:\/\/lo-stivale-daun.de\/eiscafe\/?s={search_term_string}"},"query-input":{"@type":"PropertyValueSpecification","valueRequired":true,"valueName":"search_term_string"}}],"inLanguage":"de"}]}},"_links":{"self":[{"href":"https:\/\/lo-stivale-daun.de\/eiscafe\/wp-json\/wp\/v2\/pages\/15","targetHints":{"allow":["GET"]}}],"collection":[{"href":"https:\/\/lo-stivale-daun.de\/eiscafe\/wp-json\/wp\/v2\/pages"}],"about":[{"href":"https:\/\/lo-stivale-daun.de\/eiscafe\/wp-json\/wp\/v2\/types\/page"}],"author":[{"embeddable":true,"href":"https:\/\/lo-stivale-daun.de\/eiscafe\/wp-json\/wp\/v2\/users\/1"}],"replies":[{"embeddable":true,"href":"https:\/\/lo-stivale-daun.de\/eiscafe\/wp-json\/wp\/v2\/comments?post=15"}],"version-history":[{"count":57,"href":"https:\/\/lo-stivale-daun.de\/eiscafe\/wp-json\/wp\/v2\/pages\/15\/revisions"}],"predecessor-version":[{"id":509,"href":"https:\/\/lo-stivale-daun.de\/eiscafe\/wp-json\/wp\/v2\/pages\/15\/revisions\/509"}],"wp:attachment":[{"href":"https:\/\/lo-stivale-daun.de\/eiscafe\/wp-json\/wp\/v2\/media?parent=15"}],"curies":[{"name":"wp","href":"https:\/\/api.w.org\/{rel}","templated":true}]}}